{"id":20,"date":"2012-12-18T23:02:01","date_gmt":"2012-12-18T23:02:01","guid":{"rendered":"http:\/\/byomit.com\/wordpress\/?page_id=20"},"modified":"2012-12-27T18:18:48","modified_gmt":"2012-12-27T18:18:48","slug":"blog","status":"publish","type":"page","link":"https:\/\/byomit.com\/blog\/blog\/","title":{"rendered":"Blog"},"content":{"rendered":"","protected":false},"excerpt":{"rendered":"","protected":false},"author":1,"featured_media":0,"parent":0,"menu_order":0,"comment_status":"open","ping_status":"open","template":"template-archives.php","meta":{"site-sidebar-layout":"default","site-content-layout":"","ast-site-content-layout":"default","site-content-style":"default","site-sidebar-style":"default","ast-global-header-display":"","ast-banner-title-visibility":"","ast-main-header-display":"","ast-hfb-above-header-display":"","ast-hfb-below-header-display":"","ast-hfb-mobile-header-display":"","site-post-title":"","ast-breadcrumbs-content":"","ast-featured-img":"","footer-sml-layout":"","ast-disable-related-posts":"","theme-transparent-header-meta":"","adv-header-id-meta":"","stick-header-meta":"","header-above-stick-meta":"","header-main-stick-meta":"","header-below-stick-meta":"","astra-migrate-meta-layouts":"default","ast-page-background-enabled":"default","ast-page-background-meta":{"desktop":{"background-color":"var(--ast-global-color-5)","background-image":"","background-repeat":"repeat","background-position":"center center","background-size":"auto","background-attachment":"scroll","background-type":"","background-media":"","overlay-type":"","overlay-color":"","overlay-opacity":"","overlay-gradient":""},"tablet":{"background-color":"","background-image":"","background-repeat":"repeat","background-position":"center center","background-size":"auto","background-attachment":"scroll","background-type":"","background-media":"","overlay-type":"","overlay-color":"","overlay-opacity":"","overlay-gradient":""},"mobile":{"background-color":"","background-image":"","background-repeat":"repeat","background-position":"center center","background-size":"auto","background-attachment":"scroll","background-type":"","background-media":"","overlay-type":"","overlay-color":"","overlay-opacity":"","overlay-gradient":""}},"ast-content-background-meta":{"desktop":{"background-color":"var(--ast-global-color-4)","background-image":"","background-repeat":"repeat","background-position":"center center","background-size":"auto","background-attachment":"scroll","background-type":"","background-media":"","overlay-type":"","overlay-color":"","overlay-opacity":"","overlay-gradient":""},"tablet":{"background-color":"var(--ast-global-color-4)","background-image":"","background-repeat":"repeat","background-position":"center center","background-size":"auto","background-attachment":"scroll","background-type":"","background-media":"","overlay-type":"","overlay-color":"","overlay-opacity":"","overlay-gradient":""},"mobile":{"background-color":"var(--ast-global-color-4)","background-image":"","background-repeat":"repeat","background-position":"center center","background-size":"auto","background-attachment":"scroll","background-type":"","background-media":"","overlay-type":"","overlay-color":"","overlay-opacity":"","overlay-gradient":""}},"footnotes":""},"class_list":["post-20","page","type-page","status-publish","hentry"],"yoast_head":"<!-- This site is optimized with the Yoast SEO plugin v24.5 - https:\/\/yoast.com\/wordpress\/plugins\/seo\/ -->\n<title>Byom! | Noticias sobre opini\u00f3n de clientes | Porque t\u00fa opini\u00f3n importa<\/title>\n<meta name=\"description\" content=\"Noticias sobre Byom!, herramienta para obtener las opiniones de tus clientes. Mejora tu local, negocio, comercio o empresa, gracias a Byom!\" \/>\n<meta name=\"robots\" content=\"index, follow, max-snippet:-1, max-image-preview:large, max-video-preview:-1\" \/>\n<link rel=\"canonical\" href=\"https:\/\/byomit.com\/blog\/blog\/\" \/>\n<meta property=\"og:locale\" content=\"es_ES\" \/>\n<meta property=\"og:type\" content=\"article\" \/>\n<meta property=\"og:title\" content=\"Byom! | Noticias sobre opini\u00f3n de clientes | Porque t\u00fa opini\u00f3n importa\" \/>\n<meta property=\"og:description\" content=\"Noticias sobre Byom!, herramienta para obtener las opiniones de tus clientes. Mejora tu local, negocio, comercio o empresa, gracias a Byom!\" \/>\n<meta property=\"og:url\" content=\"https:\/\/byomit.com\/blog\/blog\/\" \/>\n<meta property=\"article:publisher\" content=\"https:\/\/www.facebook.com\/byomit\" \/>\n<meta property=\"article:modified_time\" content=\"2012-12-27T18:18:48+00:00\" \/>\n<meta name=\"twitter:card\" content=\"summary_large_image\" \/>\n<meta name=\"twitter:site\" content=\"@Byom_es\" \/>\n<script type=\"application\/ld+json\" class=\"yoast-schema-graph\">{\"@context\":\"https:\/\/schema.org\",\"@graph\":[{\"@type\":\"WebPage\",\"@id\":\"https:\/\/byomit.com\/blog\/blog\/\",\"url\":\"https:\/\/byomit.com\/blog\/blog\/\",\"name\":\"Byom! | Noticias sobre opini\u00f3n de clientes | Porque t\u00fa opini\u00f3n importa\",\"isPartOf\":{\"@id\":\"https:\/\/byomit.com\/blog\/#website\"},\"datePublished\":\"2012-12-18T23:02:01+00:00\",\"dateModified\":\"2012-12-27T18:18:48+00:00\",\"description\":\"Noticias sobre Byom!, herramienta para obtener las opiniones de tus clientes. Mejora tu local, negocio, comercio o empresa, gracias a Byom!\",\"breadcrumb\":{\"@id\":\"https:\/\/byomit.com\/blog\/blog\/#breadcrumb\"},\"inLanguage\":\"es\",\"potentialAction\":[{\"@type\":\"ReadAction\",\"target\":[\"https:\/\/byomit.com\/blog\/blog\/\"]}]},{\"@type\":\"BreadcrumbList\",\"@id\":\"https:\/\/byomit.com\/blog\/blog\/#breadcrumb\",\"itemListElement\":[{\"@type\":\"ListItem\",\"position\":1,\"name\":\"Home\",\"item\":\"https:\/\/byomit.com\/blog\/\"},{\"@type\":\"ListItem\",\"position\":2,\"name\":\"Blog\"}]},{\"@type\":\"WebSite\",\"@id\":\"https:\/\/byomit.com\/blog\/#website\",\"url\":\"https:\/\/byomit.com\/blog\/\",\"name\":\"El Blog de Byom!\",\"description\":\"\",\"publisher\":{\"@id\":\"https:\/\/byomit.com\/blog\/#organization\"},\"potentialAction\":[{\"@type\":\"SearchAction\",\"target\":{\"@type\":\"EntryPoint\",\"urlTemplate\":\"https:\/\/byomit.com\/blog\/?s={search_term_string}\"},\"query-input\":{\"@type\":\"PropertyValueSpecification\",\"valueRequired\":true,\"valueName\":\"search_term_string\"}}],\"inLanguage\":\"es\"},{\"@type\":\"Organization\",\"@id\":\"https:\/\/byomit.com\/blog\/#organization\",\"name\":\"El Blog de Byom!\",\"url\":\"https:\/\/byomit.com\/blog\/\",\"logo\":{\"@type\":\"ImageObject\",\"inLanguage\":\"es\",\"@id\":\"https:\/\/byomit.com\/blog\/#\/schema\/logo\/image\/\",\"url\":\"https:\/\/byomit.com\/blog\/wp-content\/uploads\/2012\/12\/blog-byom1.png\",\"contentUrl\":\"https:\/\/byomit.com\/blog\/wp-content\/uploads\/2012\/12\/blog-byom1.png\",\"width\":300,\"height\":80,\"caption\":\"El Blog de Byom!\"},\"image\":{\"@id\":\"https:\/\/byomit.com\/blog\/#\/schema\/logo\/image\/\"},\"sameAs\":[\"https:\/\/www.facebook.com\/byomit\",\"https:\/\/x.com\/Byom_es\"]}]}<\/script>\n<!-- \/ Yoast SEO plugin. -->","yoast_head_json":{"title":"Byom! | Noticias sobre opini\u00f3n de clientes | Porque t\u00fa opini\u00f3n importa","description":"Noticias sobre Byom!, herramienta para obtener las opiniones de tus clientes. Mejora tu local, negocio, comercio o empresa, gracias a Byom!","robots":{"index":"index","follow":"follow","max-snippet":"max-snippet:-1","max-image-preview":"max-image-preview:large","max-video-preview":"max-video-preview:-1"},"canonical":"https:\/\/byomit.com\/blog\/blog\/","og_locale":"es_ES","og_type":"article","og_title":"Byom! | Noticias sobre opini\u00f3n de clientes | Porque t\u00fa opini\u00f3n importa","og_description":"Noticias sobre Byom!, herramienta para obtener las opiniones de tus clientes. Mejora tu local, negocio, comercio o empresa, gracias a Byom!","og_url":"https:\/\/byomit.com\/blog\/blog\/","article_publisher":"https:\/\/www.facebook.com\/byomit","article_modified_time":"2012-12-27T18:18:48+00:00","twitter_card":"summary_large_image","twitter_site":"@Byom_es","schema":{"@context":"https:\/\/schema.org","@graph":[{"@type":"WebPage","@id":"https:\/\/byomit.com\/blog\/blog\/","url":"https:\/\/byomit.com\/blog\/blog\/","name":"Byom! | Noticias sobre opini\u00f3n de clientes | Porque t\u00fa opini\u00f3n importa","isPartOf":{"@id":"https:\/\/byomit.com\/blog\/#website"},"datePublished":"2012-12-18T23:02:01+00:00","dateModified":"2012-12-27T18:18:48+00:00","description":"Noticias sobre Byom!, herramienta para obtener las opiniones de tus clientes. Mejora tu local, negocio, comercio o empresa, gracias a Byom!","breadcrumb":{"@id":"https:\/\/byomit.com\/blog\/blog\/#breadcrumb"},"inLanguage":"es","potentialAction":[{"@type":"ReadAction","target":["https:\/\/byomit.com\/blog\/blog\/"]}]},{"@type":"BreadcrumbList","@id":"https:\/\/byomit.com\/blog\/blog\/#breadcrumb","itemListElement":[{"@type":"ListItem","position":1,"name":"Home","item":"https:\/\/byomit.com\/blog\/"},{"@type":"ListItem","position":2,"name":"Blog"}]},{"@type":"WebSite","@id":"https:\/\/byomit.com\/blog\/#website","url":"https:\/\/byomit.com\/blog\/","name":"El Blog de Byom!","description":"","publisher":{"@id":"https:\/\/byomit.com\/blog\/#organization"},"potentialAction":[{"@type":"SearchAction","target":{"@type":"EntryPoint","urlTemplate":"https:\/\/byomit.com\/blog\/?s={search_term_string}"},"query-input":{"@type":"PropertyValueSpecification","valueRequired":true,"valueName":"search_term_string"}}],"inLanguage":"es"},{"@type":"Organization","@id":"https:\/\/byomit.com\/blog\/#organization","name":"El Blog de Byom!","url":"https:\/\/byomit.com\/blog\/","logo":{"@type":"ImageObject","inLanguage":"es","@id":"https:\/\/byomit.com\/blog\/#\/schema\/logo\/image\/","url":"https:\/\/byomit.com\/blog\/wp-content\/uploads\/2012\/12\/blog-byom1.png","contentUrl":"https:\/\/byomit.com\/blog\/wp-content\/uploads\/2012\/12\/blog-byom1.png","width":300,"height":80,"caption":"El Blog de Byom!"},"image":{"@id":"https:\/\/byomit.com\/blog\/#\/schema\/logo\/image\/"},"sameAs":["https:\/\/www.facebook.com\/byomit","https:\/\/x.com\/Byom_es"]}]}},"_links":{"self":[{"href":"https:\/\/byomit.com\/blog\/wp-json\/wp\/v2\/pages\/20","targetHints":{"allow":["GET"]}}],"collection":[{"href":"https:\/\/byomit.com\/blog\/wp-json\/wp\/v2\/pages"}],"about":[{"href":"https:\/\/byomit.com\/blog\/wp-json\/wp\/v2\/types\/page"}],"author":[{"embeddable":true,"href":"https:\/\/byomit.com\/blog\/wp-json\/wp\/v2\/users\/1"}],"replies":[{"embeddable":true,"href":"https:\/\/byomit.com\/blog\/wp-json\/wp\/v2\/comments?post=20"}],"version-history":[{"count":3,"href":"https:\/\/byomit.com\/blog\/wp-json\/wp\/v2\/pages\/20\/revisions"}],"predecessor-version":[{"id":134,"href":"https:\/\/byomit.com\/blog\/wp-json\/wp\/v2\/pages\/20\/revisions\/134"}],"wp:attachment":[{"href":"https:\/\/byomit.com\/blog\/wp-json\/wp\/v2\/media?parent=20"}],"curies":[{"name":"wp","href":"https:\/\/api.w.org\/{rel}","templated":true}]}}